{"id":2244,"date":"2018-10-02T16:10:29","date_gmt":"2018-10-02T15:10:29","guid":{"rendered":"https:\/\/airsal.com\/reparaciones\/"},"modified":"2025-10-30T08:18:56","modified_gmt":"2025-10-30T07:18:56","slug":"reparation","status":"publish","type":"page","link":"https:\/\/airsal.com\/fr\/reparation\/","title":{"rendered":"R\u00e9paration"},"content":{"rendered":"<div id=\"pl-2244\"  class=\"panel-layout\" ><div id=\"pg-2244-0\"  class=\"panel-grid panel-has-style\" ><div class=\"siteorigin-panels-stretch panel-row-style panel-row-style-for-2244-0\" data-stretch-type=\"full-stretched\" ><div id=\"pgc-2244-0-0\"  class=\"panel-grid-cell\" ><div id=\"panel-2244-0-0-0\" class=\"so-panel widget widget_rev-slider-widget widget_revslider panel-first-child panel-last-child\" data-index=\"0\" >\n\t\t\t<!-- START Slider Reparacion REVOLUTION SLIDER 6.1.3 --><p class=\"rs-p-wp-fix\"><\/p>\n\t\t\t<rs-module-wrap id=\"rev_slider_3_1_wrapper\" data-source=\"gallery\" style=\"background:transparent;padding:0;margin:0px auto;margin-top:0;margin-bottom:0;\">\n\t\t\t\t<rs-module id=\"rev_slider_3_1\" style=\"display:none;\" data-version=\"6.1.3\">\n\t\t\t\t\t<rs-slides>\n\t\t\t\t\t\t<rs-slide data-key=\"rs-7\" data-title=\"Slide\" data-anim=\"ei:d;eo:d;s:600;r:0;t:fade;sl:d;\">\n\t\t\t\t\t\t\t<img decoding=\"async\" src=\"\/\/airsal.com\/wp-content\/uploads\/2017\/07\/slider-1-reparacion.jpg\" title=\"R\u00e9paration\" class=\"rev-slidebg\" data-no-retina>\n<!---->\t\t\t\t\t\t<\/rs-slide>\n\t\t\t\t\t<\/rs-slides>\n\t\t\t\t\t<rs-progress class=\"rs-bottom\" style=\"visibility: hidden !important;\"><\/rs-progress>\n\t\t\t\t<\/rs-module>\n\t\t\t\t<script type=\"text\/javascript\">\n\t\t\t\t\tsetREVStartSize({c: 'rev_slider_3_1',rl:[1240,1024,778,480],el:[],gw:[1240],gh:[767],layout:'fullwidth',mh:\"0\"});\n\t\t\t\t\tvar\trevapi3,\n\t\t\t\t\t\ttpj;\n\t\t\t\t\tjQuery(function() {\n\t\t\t\t\t\ttpj = jQuery;\n\t\t\t\t\t\tif(tpj(\"#rev_slider_3_1\").revolution == undefined){\n\t\t\t\t\t\t\trevslider_showDoubleJqueryError(\"#rev_slider_3_1\");\n\t\t\t\t\t\t}else{\n\t\t\t\t\t\t\trevapi3 = tpj(\"#rev_slider_3_1\").show().revolution({\n\t\t\t\t\t\t\t\tjsFileLocation:\"\/\/airsal.com\/wp-content\/plugins\/revslider\/public\/assets\/js\/\",\n\t\t\t\t\t\t\t\tsliderLayout:\"fullwidth\",\n\t\t\t\t\t\t\t\tduration:4000,\n\t\t\t\t\t\t\t\tvisibilityLevels:\"1240,1024,778,480\",\n\t\t\t\t\t\t\t\tgridwidth:1240,\n\t\t\t\t\t\t\t\tgridheight:767,\n\t\t\t\t\t\t\t\tminHeight:\"\",\n\t\t\t\t\t\t\t\tspinner:\"spinner3\",\n\t\t\t\t\t\t\t\tresponsiveLevels:\"1240,1024,778,480\",\n\t\t\t\t\t\t\t\tdisableProgressBar:\"on\",\n\t\t\t\t\t\t\t\tnavigation: {\n\t\t\t\t\t\t\t\t\tonHoverStop:false\n\t\t\t\t\t\t\t\t},\n\t\t\t\t\t\t\t\tfallbacks: {\n\t\t\t\t\t\t\t\t\tallowHTML5AutoPlayOnAndroid:true\n\t\t\t\t\t\t\t\t},\n\t\t\t\t\t\t\t});\n\t\t\t\t\t\t}\n\t\t\t\t\t\t\n\t\t\t\t\t});\n\t\t\t\t<\/script>\n\t\t\t\t<script>\n\t\t\t\t\tvar htmlDivCss = '\t#rev_slider_3_1_wrapper rs-loader.spinner3 div { background-color: #0a0a0a !important; } ';\n\t\t\t\t\tvar htmlDiv = document.getElementById('rs-plugin-settings-inline-css');\n\t\t\t\t\tif(htmlDiv) {\n\t\t\t\t\t\thtmlDiv.innerHTML = htmlDiv.innerHTML + htmlDivCss;\n\t\t\t\t\t}else{\n\t\t\t\t\t\tvar htmlDiv = document.createElement('div');\n\t\t\t\t\t\thtmlDiv.innerHTML = '<style>' + htmlDivCss + '<\/style>';\n\t\t\t\t\t\tdocument.getElementsByTagName('head')[0].appendChild(htmlDiv.childNodes[0]);\n\t\t\t\t\t}\n\t\t\t\t<\/script>\n\t\t\t<\/rs-module-wrap>\n\t\t\t<!-- END REVOLUTION SLIDER -->\n<\/div><\/div><\/div><\/div><div id=\"pg-2244-1\"  class=\"panel-grid panel-no-style\" ><div id=\"pgc-2244-1-0\"  class=\"panel-grid-cell\" ><div id=\"panel-2244-1-0-0\" class=\"so-panel widget widget_sow-editor panel-first-child panel-last-child\" data-index=\"1\" ><div class=\"so-widget-sow-editor so-widget-sow-editor-base\">\n<div class=\"siteorigin-widget-tinymce textwidget\">\n\t<h2 style=\"text-align: center;\">R\u00e9paration<\/h2>\n<\/div>\n<\/div><\/div><\/div><\/div><div id=\"pg-2244-2\"  class=\"panel-grid panel-no-style\" ><div id=\"pgc-2244-2-0\"  class=\"panel-grid-cell panel-grid-cell-empty\" ><\/div><div id=\"pgc-2244-2-1\"  class=\"panel-grid-cell\" ><div id=\"panel-2244-2-1-0\" class=\"so-panel widget widget_sow-editor panel-first-child panel-last-child\" data-index=\"2\" ><div class=\"so-widget-sow-editor so-widget-sow-editor-base\">\n<div class=\"siteorigin-widget-tinymce textwidget\">\n\t<p><u><strong>Airsal<\/strong>\u00a0dispose d'un service de r\u00e9paration de cylindres en aluminium sans chemise en fonte.<\/u><\/p>\n<table class=\"tabla\" border=\"1\" width=\"100%\" cellspacing=\"0\" cellpadding=\"0\">\n<tbody>\n<tr>\n<td>DIAM\u00c8TRE<\/td>\n<td>38-45<\/td>\n<td>46-53<\/td>\n<td>54-56<\/td>\n<td>57-60<\/td>\n<td>61-70<\/td>\n<td>71-80<\/td>\n<td>81-90<\/td>\n<td>91+-<\/td>\n<\/tr>\n<tr>\n<td>PRIX PUBLIC<\/td>\n<td>108\u20ac<\/td>\n<td>117\u20ac<\/td>\n<td>135\u20ac<\/td>\n<td>144\u20ac<\/td>\n<td>161\u20ac<\/td>\n<td>185\u20ac<\/td>\n<td>198\u20ac<\/td>\n<td>223\u20ac<\/td>\n<\/tr>\n<\/tbody>\n<\/table>\n<p class=\"abajo_tabla\">TVA non comprise<\/p>\n<p>CE QUI EST COMPRIS:<\/p>\n<ul>\n<li>Elimination du rev\u00eatement actuel.<\/li>\n<li>Soudure du cylindre si n\u00e9cessaire.<\/li>\n<li>Application du nouveau rev\u00eatement scanimet\u00ae.<\/li>\n<li>Rodage du cylindre.<\/li>\n<\/ul>\n<h3>Pi\u00e8ces n\u00e9cessaires:<\/h3>\n<ul>\n<li>Le cylindre \u00e0 r\u00e9parer, d\u00e9barrass\u00e9 de tout mat\u00e9riel\u00a0en fonte et sans soupapes.<\/li>\n<li>Le nouveau piston \u00e0 nu (sans segments, ni clips ni axe).<\/li>\n<li>Les cordonn\u00e9es du client (nom, adresse...).<\/li>\n<\/ul>\n<h3>Ce qui n'est pas compris:<\/h3>\n<ul>\n<li>Le transport.<\/li>\n<li>Le d\u00e9montage de pi\u00e8ces, si n\u00e9cessaire en fonction de l'\u00e9tat du cylindre.\n<ul>\n<li><strong>12\u20ac<\/strong>\u00a0d\u00e9montage des goujons.<\/li>\n<li><strong>20\u20ac<\/strong>\u00a0d\u00e9montage de la soupape<\/li>\n<\/ul>\n<\/li>\n<\/ul>\n<h3>Adresse de livraison:<\/h3>\n<p style=\"padding-left: 40px;\">Pol. Ind. La Gavarra<br \/>\nRonda Font Grossa, 1-3<br \/>\n08540 Centelles<br \/>\nBarcelona<br \/>\nSpagne<\/p>\n<p>&nbsp;<\/p>\n<hr \/>\n<p>&nbsp;<\/p>\n<p class=\"rojotext\">IMPORTANT:\u00a0<strong>Airsal<\/strong> ne sera en aucun cas tenue responsable de la rupture de pi\u00e8ces durant le processus de d\u00e9montage, et ne proc\u00e9dera au remontage d'aucune pi\u00e8ce ayant eu besoin d'\u00eatre d\u00e9mont\u00e9e.<\/p>\n<ul>\n<li>Bague en bronze: <strong>40\u20ac<\/strong><br \/>\nPour les d\u00e9tonations, la r\u00e9paration s'effectue par soudure. Le client doit informer Airsal par \u00e9ctrit en cas de besoin d'une bague en bronze.<\/li>\n<\/ul>\n<hr \/>\n<p>Le client doit informer Airsal par \u00e9crit s'il souhaite une tol\u00e9rance sp\u00e9cifique entre le cylindre et le piston.<\/p>\n<p>En cas de besoin, <strong>Airsal\u00a0<\/strong>peut \u00e9galement fournir le piston au client. Consultez les prix des pistons <strong><a href=\"https:\/\/airsal.com\/wp-content\/uploads\/2025\/10\/Precios-Wossner-2025-FR.pdf\" target=\"_blank\" rel=\"noopener noreferrer\">ici<\/a><\/strong>.<\/p>\n<p>MODE DE PAIEMENT\u00a0: virement bancaire.<\/p>\n<\/div>\n<\/div><\/div><\/div><div id=\"pgc-2244-2-2\"  class=\"panel-grid-cell panel-grid-cell-mobile-last\" ><div id=\"panel-2244-2-2-0\" class=\"so-panel widget widget_siteorigin-panels-builder panel-first-child panel-last-child\" data-index=\"3\" ><div class=\"panel-widget-style panel-widget-style-for-2244-2-2-0\" ><div id=\"pl-w6488417137527\"  class=\"panel-layout\" ><div id=\"pg-w6488417137527-0\"  class=\"panel-grid panel-no-style\" ><div id=\"pgc-w6488417137527-0-0\"  class=\"panel-grid-cell\" ><div id=\"panel-w6488417137527-0-0-0\" class=\"so-panel widget widget_sow-editor panel-first-child\" data-index=\"0\" ><div class=\"so-widget-sow-editor so-widget-sow-editor-base\">\n<div class=\"siteorigin-widget-tinymce textwidget\">\n\t<p style=\"text-align: center;\"><strong>Marche \u00e0 suivre pour envoyer un cylindre<\/strong><\/p>\n<\/div>\n<\/div><\/div><div id=\"panel-w6488417137527-0-0-1\" class=\"so-panel widget widget_sow-button panel-last-child\" data-index=\"1\" ><div class=\"so-widget-sow-button so-widget-sow-button-flat-ed8fa1f6a522\"><div class=\"ow-button-base ow-button-align-center\">\n\t<a href=\"https:\/\/airsal.com\/wp-content\/uploads\/2023\/06\/PASOS-A-SEGUIR-fr2.pdf\" class=\"ow-icon-placement-left ow-button-hover\" target=\"_blank\" rel=\"noopener noreferrer\" download=\"\" \t\t>\n\t\t<span>\n\t\t\t<span class=\"sow-icon-fontawesome sow-far\" data-sow-icon=\"&#xf1c1;\"\n\t\tstyle=\"color: #ffffff\" ><\/span>\n\t\t\tT\u00e9l\u00e9chargez\t\t<\/span>\n\t<\/a>\n<\/div>\n<\/div><\/div><\/div><\/div><\/div><\/div><\/div><\/div><div id=\"pgc-2244-2-3\"  class=\"panel-grid-cell panel-grid-cell-empty\" ><\/div><\/div><\/div>","protected":false},"excerpt":{"rendered":"R\u00e9paration","protected":false},"author":3,"featured_media":0,"parent":0,"menu_order":0,"comment_status":"closed","ping_status":"closed","template":"","meta":{"footnotes":""},"acf":[],"yoast_head":"<!-- This site is optimized with the Yoast SEO plugin v17.6 - https:\/\/yoast.com\/wordpress\/plugins\/seo\/ -->\n<title>R\u00e9paration &ndash; Airsal<\/title>\n<meta name=\"robots\" content=\"index, follow, max-snippet:-1, max-image-preview:large, max-video-preview:-1\" \/>\n<link rel=\"canonical\" href=\"https:\/\/airsal.com\/fr\/reparation\/\" \/>\n<meta property=\"og:locale\" content=\"fr_FR\" \/>\n<meta property=\"og:type\" content=\"article\" \/>\n<meta property=\"og:title\" content=\"R\u00e9paration &ndash; Airsal\" \/>\n<meta property=\"og:description\" content=\"R\u00e9paration\" \/>\n<meta property=\"og:url\" content=\"https:\/\/airsal.com\/fr\/reparation\/\" \/>\n<meta property=\"og:site_name\" content=\"Airsal\" \/>\n<meta property=\"article:publisher\" content=\"https:\/\/www.facebook.com\/AirsalCylinders\/\" \/>\n<meta property=\"article:modified_time\" content=\"2025-10-30T07:18:56+00:00\" \/>\n<meta name=\"twitter:card\" content=\"summary_large_image\" \/>\n<meta name=\"twitter:label1\" content=\"Dur\u00e9e de lecture estim\u00e9e\" \/>\n\t<meta name=\"twitter:data1\" content=\"1 minute\" \/>\n<!-- \/ Yoast SEO plugin. -->","yoast_head_json":{"title":"R\u00e9paration &ndash; Airsal","robots":{"index":"index","follow":"follow","max-snippet":"max-snippet:-1","max-image-preview":"max-image-preview:large","max-video-preview":"max-video-preview:-1"},"canonical":"https:\/\/airsal.com\/fr\/reparation\/","og_locale":"fr_FR","og_type":"article","og_title":"R\u00e9paration &ndash; Airsal","og_description":"R\u00e9paration","og_url":"https:\/\/airsal.com\/fr\/reparation\/","og_site_name":"Airsal","article_publisher":"https:\/\/www.facebook.com\/AirsalCylinders\/","article_modified_time":"2025-10-30T07:18:56+00:00","twitter_card":"summary_large_image","twitter_misc":{"Dur\u00e9e de lecture estim\u00e9e":"1 minute"},"schema":{"@context":"https:\/\/schema.org","@graph":[{"@type":"WebSite","@id":"https:\/\/airsal.com\/fr\/#website","url":"https:\/\/airsal.com\/fr\/","name":"Airsal","description":"Fabricantes de cilindros para motocicletas y ciclomotores","potentialAction":[{"@type":"SearchAction","target":{"@type":"EntryPoint","urlTemplate":"https:\/\/airsal.com\/fr\/?s={search_term_string}"},"query-input":"required name=search_term_string"}],"inLanguage":"fr-FR"},{"@type":"WebPage","@id":"https:\/\/airsal.com\/fr\/reparation\/#webpage","url":"https:\/\/airsal.com\/fr\/reparation\/","name":"R\u00e9paration &ndash; Airsal","isPartOf":{"@id":"https:\/\/airsal.com\/fr\/#website"},"datePublished":"2018-10-02T15:10:29+00:00","dateModified":"2025-10-30T07:18:56+00:00","breadcrumb":{"@id":"https:\/\/airsal.com\/fr\/reparation\/#breadcrumb"},"inLanguage":"fr-FR","potentialAction":[{"@type":"ReadAction","target":["https:\/\/airsal.com\/fr\/reparation\/"]}]},{"@type":"BreadcrumbList","@id":"https:\/\/airsal.com\/fr\/reparation\/#breadcrumb","itemListElement":[{"@type":"ListItem","position":1,"name":"Inici","item":"https:\/\/airsal.com\/fr\/"},{"@type":"ListItem","position":2,"name":"R\u00e9paration"}]}]}},"_links":{"self":[{"href":"https:\/\/airsal.com\/fr\/wp-json\/wp\/v2\/pages\/2244"}],"collection":[{"href":"https:\/\/airsal.com\/fr\/wp-json\/wp\/v2\/pages"}],"about":[{"href":"https:\/\/airsal.com\/fr\/wp-json\/wp\/v2\/types\/page"}],"author":[{"embeddable":true,"href":"https:\/\/airsal.com\/fr\/wp-json\/wp\/v2\/users\/3"}],"replies":[{"embeddable":true,"href":"https:\/\/airsal.com\/fr\/wp-json\/wp\/v2\/comments?post=2244"}],"version-history":[{"count":28,"href":"https:\/\/airsal.com\/fr\/wp-json\/wp\/v2\/pages\/2244\/revisions"}],"predecessor-version":[{"id":17674,"href":"https:\/\/airsal.com\/fr\/wp-json\/wp\/v2\/pages\/2244\/revisions\/17674"}],"wp:attachment":[{"href":"https:\/\/airsal.com\/fr\/wp-json\/wp\/v2\/media?parent=2244"}],"curies":[{"name":"wp","href":"https:\/\/api.w.org\/{rel}","templated":true}]}}