{"id":15205,"date":"2025-03-06T10:21:07","date_gmt":"2025-03-06T09:21:07","guid":{"rendered":"https:\/\/airsal.com\/guia-reciclado-envases\/"},"modified":"2025-03-07T18:16:30","modified_gmt":"2025-03-07T17:16:30","slug":"guia-reciclatge-envasos","status":"publish","type":"page","link":"https:\/\/airsal.com\/ca\/guia-reciclatge-envasos\/","title":{"rendered":"Guia per al reciclatge dels nostres envasos"},"content":{"rendered":"<div id=\"pl-15205\"  class=\"panel-layout\" ><div id=\"pg-15205-0\"  class=\"panel-grid panel-no-style\" ><div id=\"pgc-15205-0-0\"  class=\"panel-grid-cell panel-grid-cell-empty\" ><\/div><div id=\"pgc-15205-0-1\"  class=\"panel-grid-cell\" ><div id=\"panel-15205-0-1-0\" class=\"so-panel widget widget_sow-editor panel-first-child\" data-index=\"0\" ><div class=\"so-widget-sow-editor so-widget-sow-editor-base\">\n<div class=\"siteorigin-widget-tinymce textwidget\">\n\t<p>&nbsp;<\/p>\n<h1 style=\"text-align: left;\">Guia per al reciclatge dels nostres envasos<\/h1>\n<\/div>\n<\/div><\/div><div id=\"panel-15205-0-1-1\" class=\"so-panel widget widget_sow-editor panel-last-child\" data-index=\"1\" ><div class=\"so-widget-sow-editor so-widget-sow-editor-base\">\n<div class=\"siteorigin-widget-tinymce textwidget\">\n\t<h3 style=\"text-align: left;\"><strong>Guide for packaging recycling \/ Guide pour recycler nos emballages<\/strong><\/h3>\n<\/div>\n<\/div><\/div><\/div><\/div><div id=\"pg-15205-1\"  class=\"panel-grid panel-has-style\" ><div class=\"siteorigin-panels-stretch panel-row-style panel-row-style-for-15205-1\" data-stretch-type=\"full-stretched\" ><div id=\"pgc-15205-1-0\"  class=\"panel-grid-cell panel-grid-cell-empty\" ><\/div><\/div><\/div><div id=\"pg-15205-2\"  class=\"panel-grid panel-no-style\" ><div id=\"pgc-15205-2-0\"  class=\"panel-grid-cell panel-grid-cell-empty\" ><\/div><div id=\"pgc-15205-2-1\"  class=\"panel-grid-cell\" ><div id=\"panel-15205-2-1-0\" class=\"so-panel widget widget_sow-editor panel-first-child panel-last-child\" data-index=\"2\" ><div class=\"panel-widget-style panel-widget-style-for-15205-2-1-0\" ><div class=\"so-widget-sow-editor so-widget-sow-editor-base\"><h3 class=\"widget-title\">Espanya<\/h3>\n<div class=\"siteorigin-widget-tinymce textwidget\">\n\t<div class=\"siteorigin-widget-tinymce textwidget\">\n<p data-start=\"0\" data-end=\"151\">D'acord amb el Reial decret 1055\/2022 sobre l'etiquetatge d'envasos, recomanem el reciclatge dels nostres materials d'embalatge de la manera seg\u00fcent:<\/p>\n<p data-start=\"153\" data-end=\"242\" data-is-last-node=\"\" data-is-only-node=\"\">Per a m\u00e9s informaci\u00f3, consulteu la normativa de gesti\u00f3 de residus de la vostra localitat.<\/p>\n<hr \/>\n<\/div>\n<\/div>\n<\/div><\/div><\/div><\/div><div id=\"pgc-15205-2-2\"  class=\"panel-grid-cell\" ><div id=\"panel-15205-2-2-0\" class=\"so-panel widget widget_sow-image-grid panel-first-child panel-last-child\" data-index=\"3\" ><div class=\"so-widget-sow-image-grid so-widget-sow-image-grid-default-8b255f5b5800-15205\">\t<div class=\"sow-image-grid-wrapper\"\n\t\t\t\t>\n\t\t\t\t\t<div class=\"sow-image-grid-image\">\n\t\t\t\t\t\t\t\t<img decoding=\"async\" width=\"126\" height=\"148\" src=\"https:\/\/airsal.com\/wp-content\/uploads\/2025\/03\/reciclaazul.png\" class=\"sow-image-grid-image_html\" alt=\"\" title=\"Caja de cart\u00f3n\" loading=\"lazy\" srcset=\"https:\/\/airsal.com\/wp-content\/uploads\/2025\/03\/reciclaazul.png 126w, https:\/\/airsal.com\/wp-content\/uploads\/2025\/03\/reciclaazul-120x141.png 120w\" sizes=\"(max-width: 126px) 100vw, 126px\" \/>\t\t\t\t\t\t\t<\/div>\n\t\t\t\t\t<div class=\"sow-image-grid-image\">\n\t\t\t\t\t\t\t\t<img decoding=\"async\" width=\"196\" height=\"148\" src=\"https:\/\/airsal.com\/wp-content\/uploads\/2025\/03\/reciclamarillo-1.png\" class=\"sow-image-grid-image_html\" alt=\"\" title=\"reciclamarillo\" loading=\"lazy\" srcset=\"https:\/\/airsal.com\/wp-content\/uploads\/2025\/03\/reciclamarillo-1.png 196w, https:\/\/airsal.com\/wp-content\/uploads\/2025\/03\/reciclamarillo-1-120x91.png 120w\" sizes=\"(max-width: 196px) 100vw, 196px\" \/>\t\t\t\t\t\t\t<\/div>\n\t\t\t<\/div>\n<\/div><\/div><\/div><\/div><div id=\"pg-15205-3\"  class=\"panel-grid panel-no-style\" ><div id=\"pgc-15205-3-0\"  class=\"panel-grid-cell panel-grid-cell-empty\" ><\/div><div id=\"pgc-15205-3-1\"  class=\"panel-grid-cell\" ><div id=\"panel-15205-3-1-0\" class=\"so-panel widget widget_sow-editor panel-first-child panel-last-child\" data-index=\"4\" ><div class=\"panel-widget-style panel-widget-style-for-15205-3-1-0\" ><div class=\"so-widget-sow-editor so-widget-sow-editor-base\"><h3 class=\"widget-title\">France<\/h3>\n<div class=\"siteorigin-widget-tinymce textwidget\">\n\t<div class=\"siteorigin-widget-tinymce textwidget\">\n<p>Conform\u00e9nt \u00e0 la Loi AGEC, nous recommandons le recyclage de nos emballages comme suit:<\/p>\n<p>Veuillez consulter les r\u00e8glements locaux pour assurer un processus de recyclage correct et respecteux de l'enviroment.<\/p>\n<hr>\n<\/div>\n<\/div>\n<\/div><\/div><\/div><\/div><div id=\"pgc-15205-3-2\"  class=\"panel-grid-cell\" ><div id=\"panel-15205-3-2-0\" class=\"so-panel widget widget_sow-image-grid panel-first-child panel-last-child\" data-index=\"5\" ><div class=\"so-widget-sow-image-grid so-widget-sow-image-grid-default-ae3d71047c94-15205\">\t<div class=\"sow-image-grid-wrapper\"\n\t\tdata-max-width=\"400\"\t\tdata-max-height=\"1200\">\n\t\t\t\t\t<div class=\"sow-image-grid-image\">\n\t\t\t\t\t\t\t\t<img decoding=\"async\" width=\"365\" height=\"121\" src=\"https:\/\/airsal.com\/wp-content\/uploads\/2025\/03\/france-recicla.png\" class=\"sow-image-grid-image_html\" alt=\"\" title=\"\" loading=\"lazy\" srcset=\"https:\/\/airsal.com\/wp-content\/uploads\/2025\/03\/france-recicla.png 365w, https:\/\/airsal.com\/wp-content\/uploads\/2025\/03\/france-recicla-250x83.png 250w, https:\/\/airsal.com\/wp-content\/uploads\/2025\/03\/france-recicla-120x40.png 120w\" sizes=\"(max-width: 365px) 100vw, 365px\" \/>\t\t\t\t\t\t\t<\/div>\n\t\t\t<\/div>\n<\/div><\/div><\/div><\/div><div id=\"pg-15205-4\"  class=\"panel-grid panel-no-style\" ><div id=\"pgc-15205-4-0\"  class=\"panel-grid-cell panel-grid-cell-empty\" ><\/div><div id=\"pgc-15205-4-1\"  class=\"panel-grid-cell\" ><div id=\"panel-15205-4-1-0\" class=\"so-panel widget widget_sow-editor panel-first-child panel-last-child\" data-index=\"6\" ><div class=\"panel-widget-style panel-widget-style-for-15205-4-1-0\" ><div class=\"so-widget-sow-editor so-widget-sow-editor-base\"><h3 class=\"widget-title\">Other countries<\/h3>\n<div class=\"siteorigin-widget-tinymce textwidget\">\n\t<div class=\"siteorigin-widget-tinymce textwidget\">\n<p>We request that recipients recycle our cardboard boxes and plastic in accordance with the regulations in forc\u00e9 in their country as of the current date.<\/p>\n<p>it is recommended to consult local waste managment provisions to ensure a proper and environmentally responsable process.<\/p>\n<\/div>\n<\/div>\n<\/div><\/div><\/div><\/div><div id=\"pgc-15205-4-2\"  class=\"panel-grid-cell\" ><div id=\"panel-15205-4-2-0\" class=\"so-panel widget widget_sow-image-grid panel-first-child panel-last-child\" data-index=\"7\" ><div class=\"so-widget-sow-image-grid so-widget-sow-image-grid-default-9fcab5962f6c-15205\">\t<div class=\"sow-image-grid-wrapper\"\n\t\tdata-max-width=\"100\"\t\tdata-max-height=\"100\">\n\t\t\t\t\t<div class=\"sow-image-grid-image\">\n\t\t\t\t\t\t\t\t<img decoding=\"async\" width=\"94\" height=\"91\" src=\"https:\/\/airsal.com\/wp-content\/uploads\/2025\/03\/recycle1.png\" class=\"sow-image-grid-image_html\" alt=\"\" title=\"Caja de cart\u00f3n\" loading=\"lazy\" \/>\t\t\t\t\t\t\t<\/div>\n\t\t\t\t\t<div class=\"sow-image-grid-image\">\n\t\t\t\t\t\t\t\t<img decoding=\"async\" width=\"94\" height=\"91\" src=\"https:\/\/airsal.com\/wp-content\/uploads\/2025\/03\/recycle2.png\" class=\"sow-image-grid-image_html\" alt=\"\" title=\"\" loading=\"lazy\" \/>\t\t\t\t\t\t\t<\/div>\n\t\t\t<\/div>\n<\/div><\/div><\/div><\/div><div id=\"pg-15205-5\"  class=\"panel-grid panel-no-style\" ><div id=\"pgc-15205-5-0\"  class=\"panel-grid-cell\" ><div id=\"panel-15205-5-0-0\" class=\"so-panel widget widget_sow-image-grid panel-first-child panel-last-child\" data-index=\"8\" ><div class=\"so-widget-sow-image-grid so-widget-sow-image-grid-default-3f9f1cc76d30-15205\">\t<div class=\"sow-image-grid-wrapper\"\n\t\t\t\t>\n\t\t\t\t\t<div class=\"sow-image-grid-image\">\n\t\t\t\t\t\t\t\t<img decoding=\"async\" width=\"214\" height=\"53\" src=\"https:\/\/airsal.com\/wp-content\/uploads\/2025\/03\/unioneuropea.png\" class=\"sow-image-grid-image_html\" alt=\"\" title=\"\" loading=\"lazy\" srcset=\"https:\/\/airsal.com\/wp-content\/uploads\/2025\/03\/unioneuropea.png 214w, https:\/\/airsal.com\/wp-content\/uploads\/2025\/03\/unioneuropea-120x30.png 120w\" sizes=\"(max-width: 214px) 100vw, 214px\" \/>\t\t\t\t\t\t\t<\/div>\n\t\t\t\t\t<div class=\"sow-image-grid-image\">\n\t\t\t\t\t\t\t\t\t<a href=\"https:\/\/airsal.com\/ca\/guia-reciclatge-envasos\/\"\n\t\t\t\t\t>\n\t\t\t\t\t\t\t\t<img decoding=\"async\" width=\"164\" height=\"54\" src=\"https:\/\/airsal.com\/wp-content\/uploads\/2025\/03\/logo-guide.jpg\" class=\"sow-image-grid-image_html\" alt=\"\" title=\"\" loading=\"lazy\" srcset=\"https:\/\/airsal.com\/wp-content\/uploads\/2025\/03\/logo-guide.jpg 164w, https:\/\/airsal.com\/wp-content\/uploads\/2025\/03\/logo-guide-120x40.jpg 120w\" sizes=\"(max-width: 164px) 100vw, 164px\" \/>\t\t\t\t\t\t\t\t\t<\/a>\n\t\t\t\t\t\t\t<\/div>\n\t\t\t\t\t<div class=\"sow-image-grid-image\">\n\t\t\t\t\t\t\t\t\t<a href=\"https:\/\/airsal.com\/wp-content\/uploads\/2024\/12\/CANAL-ETICO.pdf\"\n\t\t\t\t\t>\n\t\t\t\t\t\t\t\t<img decoding=\"async\" width=\"128\" height=\"52\" src=\"https:\/\/airsal.com\/wp-content\/uploads\/2024\/12\/Frame-2.png\" class=\"sow-image-grid-image_html\" alt=\"\" title=\"canal \u00e8tica\" loading=\"lazy\" srcset=\"https:\/\/airsal.com\/wp-content\/uploads\/2024\/12\/Frame-2.png 128w, https:\/\/airsal.com\/wp-content\/uploads\/2024\/12\/Frame-2-120x49.png 120w\" sizes=\"(max-width: 128px) 100vw, 128px\" \/>\t\t\t\t\t\t\t\t\t<\/a>\n\t\t\t\t\t\t\t<\/div>\n\t\t\t\t\t<div class=\"sow-image-grid-image\">\n\t\t\t\t\t\t\t\t<img decoding=\"async\" width=\"162\" height=\"53\" src=\"https:\/\/airsal.com\/wp-content\/uploads\/2024\/03\/Group.png\" class=\"sow-image-grid-image_html\" alt=\"\" title=\"\" loading=\"lazy\" srcset=\"https:\/\/airsal.com\/wp-content\/uploads\/2024\/03\/Group.png 162w, https:\/\/airsal.com\/wp-content\/uploads\/2024\/03\/Group-120x39.png 120w\" sizes=\"(max-width: 162px) 100vw, 162px\" \/>\t\t\t\t\t\t\t<\/div>\n\t\t\t\t\t<div class=\"sow-image-grid-image\">\n\t\t\t\t\t\t\t\t<img decoding=\"async\" width=\"157\" height=\"53\" src=\"https:\/\/airsal.com\/wp-content\/uploads\/2024\/03\/idae-logo-2019-1.png\" class=\"sow-image-grid-image_html\" alt=\"\" title=\"idae-logo-2019 1\" loading=\"lazy\" srcset=\"https:\/\/airsal.com\/wp-content\/uploads\/2024\/03\/idae-logo-2019-1.png 157w, https:\/\/airsal.com\/wp-content\/uploads\/2024\/03\/idae-logo-2019-1-120x41.png 120w\" sizes=\"(max-width: 157px) 100vw, 157px\" \/>\t\t\t\t\t\t\t<\/div>\n\t\t\t\t\t<div class=\"sow-image-grid-image\">\n\t\t\t\t\t\t\t\t<img decoding=\"async\" width=\"196\" height=\"53\" src=\"https:\/\/airsal.com\/wp-content\/uploads\/2024\/03\/ES-Financiado-por-la-Uni\u0e02n-Europea-POS-2-1.png\" class=\"sow-image-grid-image_html\" alt=\"\" title=\"ES-Financiado por la Uni\u0e02n Europea-POS 2\" loading=\"lazy\" srcset=\"https:\/\/airsal.com\/wp-content\/uploads\/2024\/03\/ES-Financiado-por-la-Uni\u0e02n-Europea-POS-2-1.png 196w, https:\/\/airsal.com\/wp-content\/uploads\/2024\/03\/ES-Financiado-por-la-Uni\u0e02n-Europea-POS-2-1-120x32.png 120w\" sizes=\"(max-width: 196px) 100vw, 196px\" \/>\t\t\t\t\t\t\t<\/div>\n\t\t\t\t\t<div class=\"sow-image-grid-image\">\n\t\t\t\t\t\t\t\t<img decoding=\"async\" width=\"53\" height=\"53\" src=\"https:\/\/airsal.com\/wp-content\/uploads\/2024\/03\/Logo_autoconsumo-1-1.png\" class=\"sow-image-grid-image_html\" alt=\"\" title=\"Logo_autoconsumo 1\" loading=\"lazy\" \/>\t\t\t\t\t\t\t<\/div>\n\t\t\t<\/div>\n<\/div><\/div><\/div><\/div><\/div>","protected":false},"excerpt":{"rendered":"&nbsp; Guia per al reciclatge dels nostres envasos Guide for packaging recycling \/ Guide pour recycler nos emballages","protected":false},"author":3,"featured_media":0,"parent":0,"menu_order":0,"comment_status":"closed","ping_status":"closed","template":"template-sintitulo.php","meta":{"footnotes":""},"acf":[],"yoast_head":"<!-- This site is optimized with the Yoast SEO plugin v17.6 - https:\/\/yoast.com\/wordpress\/plugins\/seo\/ -->\n<title>Guia per al reciclatge dels nostres envasos &ndash; Airsal<\/title>\n<meta name=\"robots\" content=\"index, follow, max-snippet:-1, max-image-preview:large, max-video-preview:-1\" \/>\n<link rel=\"canonical\" href=\"https:\/\/airsal.com\/ca\/guia-reciclatge-envasos\/\" \/>\n<meta property=\"og:locale\" content=\"ca_ES\" \/>\n<meta property=\"og:type\" content=\"article\" \/>\n<meta property=\"og:title\" content=\"Guia per al reciclatge dels nostres envasos &ndash; Airsal\" \/>\n<meta property=\"og:description\" content=\"&nbsp; Guia per al reciclatge dels nostres envasos Guide for packaging recycling \/ Guide pour recycler nos emballages\" \/>\n<meta property=\"og:url\" content=\"https:\/\/airsal.com\/ca\/guia-reciclatge-envasos\/\" \/>\n<meta property=\"og:site_name\" content=\"Airsal\" \/>\n<meta property=\"article:publisher\" content=\"https:\/\/www.facebook.com\/AirsalCylinders\/\" \/>\n<meta property=\"article:modified_time\" content=\"2025-03-07T17:16:30+00:00\" \/>\n<meta name=\"twitter:card\" content=\"summary_large_image\" \/>\n<meta name=\"twitter:label1\" content=\"Temps estimat de lectura\" \/>\n\t<meta name=\"twitter:data1\" content=\"1 minut\" \/>\n<!-- \/ Yoast SEO plugin. -->","yoast_head_json":{"title":"Guia per al reciclatge dels nostres envasos &ndash; Airsal","robots":{"index":"index","follow":"follow","max-snippet":"max-snippet:-1","max-image-preview":"max-image-preview:large","max-video-preview":"max-video-preview:-1"},"canonical":"https:\/\/airsal.com\/ca\/guia-reciclatge-envasos\/","og_locale":"ca_ES","og_type":"article","og_title":"Guia per al reciclatge dels nostres envasos &ndash; Airsal","og_description":"&nbsp; Guia per al reciclatge dels nostres envasos Guide for packaging recycling \/ Guide pour recycler nos emballages","og_url":"https:\/\/airsal.com\/ca\/guia-reciclatge-envasos\/","og_site_name":"Airsal","article_publisher":"https:\/\/www.facebook.com\/AirsalCylinders\/","article_modified_time":"2025-03-07T17:16:30+00:00","twitter_card":"summary_large_image","twitter_misc":{"Temps estimat de lectura":"1 minut"},"schema":{"@context":"https:\/\/schema.org","@graph":[{"@type":"WebSite","@id":"https:\/\/airsal.com\/ca\/#website","url":"https:\/\/airsal.com\/ca\/","name":"Airsal","description":"Fabricantes de cilindros para motocicletas y ciclomotores","potentialAction":[{"@type":"SearchAction","target":{"@type":"EntryPoint","urlTemplate":"https:\/\/airsal.com\/ca\/?s={search_term_string}"},"query-input":"required name=search_term_string"}],"inLanguage":"ca"},{"@type":"WebPage","@id":"https:\/\/airsal.com\/ca\/guia-reciclatge-envasos\/#webpage","url":"https:\/\/airsal.com\/ca\/guia-reciclatge-envasos\/","name":"Guia per al reciclatge dels nostres envasos &ndash; Airsal","isPartOf":{"@id":"https:\/\/airsal.com\/ca\/#website"},"datePublished":"2025-03-06T09:21:07+00:00","dateModified":"2025-03-07T17:16:30+00:00","breadcrumb":{"@id":"https:\/\/airsal.com\/ca\/guia-reciclatge-envasos\/#breadcrumb"},"inLanguage":"ca","potentialAction":[{"@type":"ReadAction","target":["https:\/\/airsal.com\/ca\/guia-reciclatge-envasos\/"]}]},{"@type":"BreadcrumbList","@id":"https:\/\/airsal.com\/ca\/guia-reciclatge-envasos\/#breadcrumb","itemListElement":[{"@type":"ListItem","position":1,"name":"Inici","item":"https:\/\/airsal.com\/ca\/"},{"@type":"ListItem","position":2,"name":"Guia per al reciclatge dels nostres envasos"}]}]}},"_links":{"self":[{"href":"https:\/\/airsal.com\/ca\/wp-json\/wp\/v2\/pages\/15205"}],"collection":[{"href":"https:\/\/airsal.com\/ca\/wp-json\/wp\/v2\/pages"}],"about":[{"href":"https:\/\/airsal.com\/ca\/wp-json\/wp\/v2\/types\/page"}],"author":[{"embeddable":true,"href":"https:\/\/airsal.com\/ca\/wp-json\/wp\/v2\/users\/3"}],"replies":[{"embeddable":true,"href":"https:\/\/airsal.com\/ca\/wp-json\/wp\/v2\/comments?post=15205"}],"version-history":[{"count":5,"href":"https:\/\/airsal.com\/ca\/wp-json\/wp\/v2\/pages\/15205\/revisions"}],"predecessor-version":[{"id":15278,"href":"https:\/\/airsal.com\/ca\/wp-json\/wp\/v2\/pages\/15205\/revisions\/15278"}],"wp:attachment":[{"href":"https:\/\/airsal.com\/ca\/wp-json\/wp\/v2\/media?parent=15205"}],"curies":[{"name":"wp","href":"https:\/\/api.w.org\/{rel}","templated":true}]}}